{"id":2990,"date":"2022-02-21T14:59:07","date_gmt":"2022-02-21T13:59:07","guid":{"rendered":"https:\/\/adrmilano.it\/?page_id=2990"},"modified":"2022-02-21T14:59:07","modified_gmt":"2022-02-21T13:59:07","slug":"cookie-policy","status":"publish","type":"page","link":"https:\/\/adrmilano.it\/index.php\/cookie-policy\/","title":{"rendered":"Cookie Policy"},"content":{"rendered":"<div id=\"pl-2990\"  class=\"panel-layout\" ><div id=\"pg-2990-0\"  class=\"panel-grid panel-no-style\" ><div id=\"pgc-2990-0-0\"  class=\"panel-grid-cell\" ><div id=\"panel-2990-0-0-0\" class=\"so-panel widget widget_sow-editor panel-first-child panel-last-child\" data-index=\"0\" ><div\n\t\t\t\n\t\t\tclass=\"so-widget-sow-editor so-widget-sow-editor-base\"\n\t\t\t\n\t\t>\n<div class=\"siteorigin-widget-tinymce textwidget\">\n\t<div class=\"cli_pg_page_contaner\">\n<h3><strong>Informazioni su questa politica sui cookie<\/strong><\/h3>\n<div>\n<p>Questa politica sui cookie spiega cosa sono i cookie e come li utilizziamo, i tipi di cookie che utilizziamo, ovvero le informazioni che raccogliamo utilizzando i cookie e come vengono utilizzate tali informazioni e come controllare le preferenze sui cookie. Per ulteriori informazioni su come utilizziamo, archiviamo e manteniamo al sicuro i tuoi dati personali, consulta la nostra Informativa sulla privacy.<br \/>\nPuoi in qualsiasi momento modificare o revocare il tuo consenso dalla Dichiarazione sui cookie sul nostro sito web Scopri di pi\u00f9 su chi siamo, come puoi contattarci e come trattiamo i dati personali nella nostra Informativa sulla privacy.<br \/>\nIl tuo consenso si applica ai seguenti domini: adrmilano.it<\/p>\n<div class=\"wt-cli-element cli_user_consent_state\"><\/div>\n<\/div>\n<h3><strong>Cosa sono i cookie?<\/strong><\/h3>\n<div>I cookie sono piccoli file di testo che vengono utilizzati per memorizzare piccole informazioni. Vengono memorizzati sul tuo dispositivo quando il sito web viene caricato sul tuo browser. Questi cookie ci aiutano a far funzionare correttamente il sito Web, renderlo pi\u00f9 sicuro, fornire una migliore esperienza utente e capire come funziona il sito Web e analizzare cosa funziona e dove deve essere migliorato.<\/div>\n<h3>Come utilizziamo i cookie?<\/h3>\n<div>\n<p>Come la maggior parte dei servizi online, il nostro sito Web utilizza cookie proprietari e di terze parti per diversi scopi. I cookie proprietari sono per lo pi\u00f9 necessari per il corretto funzionamento del sito Web e non raccolgono nessuno dei tuoi dati di identificazione personale.<br \/>\nI cookie di terze parti utilizzati sul nostro sito Web servono principalmente a comprendere come funziona il sito Web, come interagisci con il nostro sito Web, mantenendo i nostri servizi sicuri, fornendo annunci pubblicitari pertinenti per te e, tutto sommato, fornendoti un utente migliore e migliorato esperienza e aiuta a velocizzare le tue future interazioni con il nostro sito web.<\/p>\n<\/div>\n<h3>Quali tipi di cookie utilizziamo?<\/h3>\n<div>\n<p>Essenziale: alcuni cookie sono essenziali per poter sperimentare la piena funzionalit\u00e0 del nostro sito. Ci consentono di mantenere le sessioni utente e prevenire qualsiasi minaccia alla sicurezza. Non raccolgono n\u00e9 memorizzano alcuna informazione personale. Ad esempio, questi cookie ti consentono di accedere al tuo account e aggiungere prodotti al carrello e di effettuare il checkout in modo sicuro.<br \/>\nStatistiche: questi cookie memorizzano informazioni come il numero di visitatori del sito Web, il numero di visitatori unici, quali pagine del sito Web sono state visitate, l'origine della visita, ecc. Questi dati ci aiutano a capire e ad analizzare le prestazioni del sito Web e dove ha bisogno di miglioramenti.<br \/>\nMarketing: il nostro sito Web mostra annunci pubblicitari. Questi cookie vengono utilizzati per personalizzare gli annunci pubblicitari che ti mostriamo in modo che siano significativi per te. Questi cookie ci aiutano anche a tenere traccia dell'efficienza di queste campagne pubblicitarie.<br \/>\nLe informazioni memorizzate in questi cookie possono essere utilizzate anche dai fornitori di annunci di terze parti per mostrarti annunci su altri siti Web anche sul browser.<br \/>\nFunzionali: Questi sono i cookie che aiutano alcune funzionalit\u00e0 non essenziali sul nostro sito web. Queste funzionalit\u00e0 includono l'incorporamento di contenuti come video o la condivisione di contenuti del sito Web su piattaforme di social media.<br \/>\nPreferenze: questi cookie ci aiutano a memorizzare le tue impostazioni e preferenze di navigazione come le preferenze della lingua in modo che tu abbia un'esperienza migliore ed efficiente nelle visite future al sito web.<\/p>\n<table class=\"wt-cli-element cookielawinfo-row-cat-table cookielawinfo-classic\">\n<thead>\n<tr>\n<th scope=\"col\" class=\"cookielawinfo-column-1\">Cookie<\/th>\n<th scope=\"col\" class=\"cookielawinfo-column-4\">Descrizione<\/th>\n<\/tr>\n<\/thead>\n<tbody>\n<tr class=\"cookielawinfo-row\">\n<td class=\"cookielawinfo-column-1\">_ga<\/td>\n<td class=\"cookielawinfo-column-4\">Questo nome di cookie \u00e8 associato a Google Universal Analytics, che \u00e8 un aggiornamento significativo del servizio di analisi pi\u00f9 comunemente utilizzato di Google. Questo cookie viene utilizzato per distinguere gli utenti unici assegnando un numero generato casualmente come identificatore del cliente. \u00c8 incluso in ogni richiesta di pagina in un sito e utilizzato per calcolare i dati di visitatori, sessioni e campagne per i report di analisi dei siti.<\/td>\n<\/tr>\n<tr class=\"cookielawinfo-row\">\n<td class=\"cookielawinfo-column-1\">_gat_gtag_UA_116870979_1<\/td>\n<td class=\"cookielawinfo-column-4\">Set by Google to distinguish users.<\/td>\n<\/tr>\n<tr class=\"cookielawinfo-row\">\n<td class=\"cookielawinfo-column-1\">_gid<\/td>\n<td class=\"cookielawinfo-column-4\">Installato da Google Analytics, il cookie _gid memorizza informazioni su come i visitatori utilizzano un sito Web, creando anche un rapporto analitico delle prestazioni del sito Web. Alcuni dei dati che vengono raccolti includono il numero dei visitatori, la loro origine e le pagine che visitano in modo anonimo.<\/td>\n<\/tr>\n<tr class=\"cookielawinfo-row\">\n<td class=\"cookielawinfo-column-1\">CONSENT<\/td>\n<td class=\"cookielawinfo-column-4\">YouTube imposta questo cookie tramite i video di YouTube incorporati e registra dati statistici anonimi.<\/td>\n<\/tr>\n<tr class=\"cookielawinfo-row\">\n<td class=\"cookielawinfo-column-1\">cookielawinfo-checkbox-analitici<\/td>\n<td class=\"cookielawinfo-column-4\">Questo cookie \u00e8 impostato dal plug-in GDPR Cookie Consent. Il cookie viene utilizzato per memorizzare il consenso dell'utente per i cookie nella categoria \"Analitici\".<\/td>\n<\/tr>\n<tr class=\"cookielawinfo-row\">\n<td class=\"cookielawinfo-column-1\">cookielawinfo-checkbox-funzionali<\/td>\n<td class=\"cookielawinfo-column-4\">Il cookie \u00e8 impostato dal consenso cookie GDPR per registrare il consenso dell'utente per i cookie nella categoria \"Funzionali\". Non memorizza alcun dato personale.<\/td>\n<\/tr>\n<tr class=\"cookielawinfo-row\">\n<td class=\"cookielawinfo-column-1\">cookielawinfo-checkbox-necessari<\/td>\n<td class=\"cookielawinfo-column-4\">Questo cookie \u00e8 impostato dal plug-in GDPR Cookie Consent. I cookie vengono utilizzati per memorizzare il consenso dell'utente per i cookie nella categoria \"Necessari\".<\/td>\n<\/tr>\n<tr class=\"cookielawinfo-row\">\n<td class=\"cookielawinfo-column-1\">cookielawinfo-checkbox-prestazioni<\/td>\n<td class=\"cookielawinfo-column-4\">Questo cookie \u00e8 impostato dal plugin GDPR Cookie Consent. Il cookie viene utilizzato per memorizzare il consenso dell'utente per i cookie nella categoria \"Prestazioni\".<\/td>\n<\/tr>\n<tr class=\"cookielawinfo-row\">\n<td class=\"cookielawinfo-column-1\">cookielawinfo-checkbox-pubblicitari<\/td>\n<td class=\"cookielawinfo-column-4\">I cookie pubblicitari vengono utilizzati per fornire ai visitatori annunci e campagne di marketing pertinenti. Questi cookie tengono traccia dei visitatori sui siti Web e raccolgono informazioni per fornire annunci personalizzati.<\/td>\n<\/tr>\n<tr class=\"cookielawinfo-row\">\n<td class=\"cookielawinfo-column-1\">viewed_cookie_policy<\/td>\n<td class=\"cookielawinfo-column-4\">Registra lo stato predefinito del pulsante della categoria corrispondente e lo stato del CCPA. Funziona solo in coordinamento con il cookie viewed_cookie_policy.<\/td>\n<\/tr>\n<tr class=\"cookielawinfo-row\">\n<td class=\"cookielawinfo-column-1\">VISITOR_INFO1_LIVE<\/td>\n<td class=\"cookielawinfo-column-4\">Un cookie impostato da YouTube per misurare la larghezza di banda che determina se l'utente ottiene la nuova o la vecchia interfaccia del lettore.<\/td>\n<\/tr>\n<tr class=\"cookielawinfo-row\">\n<td class=\"cookielawinfo-column-1\">YSC<\/td>\n<td class=\"cookielawinfo-column-4\">Il cookie YSC \u00e8 impostato da Youtube e viene utilizzato per tracciare le visualizzazioni dei video incorporati sulle pagine di Youtube.<\/td>\n<\/tr>\n<tr class=\"cookielawinfo-row\">\n<td class=\"cookielawinfo-column-1\">yt-remote-connected-devices<\/td>\n<td class=\"cookielawinfo-column-4\">YouTube imposta questo cookie per memorizzare le preferenze video dell'utente utilizzando il video YouTube incorporato.<\/td>\n<\/tr>\n<tr class=\"cookielawinfo-row\">\n<td class=\"cookielawinfo-column-1\">yt-remote-device-id<\/td>\n<td class=\"cookielawinfo-column-4\">YouTube imposta questo cookie per memorizzare le preferenze video dell'utente utilizzando il video YouTube incorporato.<\/td>\n<\/tr>\n<tr class=\"cookielawinfo-row\">\n<td class=\"cookielawinfo-column-1\">yt.innertube::nextId<\/td>\n<td class=\"cookielawinfo-column-4\">Questo cookie, impostato da YouTube, registra un ID univoco per memorizzare dati su quali video di YouTube l'utente ha visto.<\/td>\n<\/tr>\n<tr class=\"cookielawinfo-row\">\n<td class=\"cookielawinfo-column-1\">yt.innertube::requests<\/td>\n<td class=\"cookielawinfo-column-4\">Questo cookie, impostato da YouTube, registra un ID univoco per memorizzare dati su quali video di YouTube l'utente ha visto.<\/td>\n<\/tr>\n<\/tbody>\n<\/table>\n<\/div>\n<h3><strong>Come posso controllare le preferenze sui cookie?<\/strong><\/h3>\n<div>\n<p>Se decidi di modificare le tue preferenze in un secondo momento durante la sessione di navigazione, puoi fare clic sulla scheda \"Privacy &amp; Cookie Policy\" sul tuo schermo. Questo visualizzer\u00e0 nuovamente l'avviso di consenso consentendoti di modificare le tue preferenze o revocare completamente il tuo consenso.<br \/>\nOltre a ci\u00f2, diversi browser forniscono diversi metodi per bloccare ed eliminare i cookie utilizzati dai siti web. Puoi modificare le impostazioni del tuo browser per bloccare\/eliminare i cookie. Per saperne di pi\u00f9 su come gestire ed eliminare i cookie, visitare wikipedia.org, www.allaboutcookies.org.<\/p>\n<\/div>\n<\/div>\n<\/div>\n<\/div><\/div><\/div><\/div><\/div>","protected":false},"excerpt":{"rendered":"<p>Informazioni su questa politica sui cookie Questa politica sui cookie spiega cosa sono i cookie e come li utilizziamo, i tipi di cookie che utilizziamo, ovvero le informazioni che raccogliamo utilizzando i cookie e come vengono utilizzate tali informazioni e &hellip; <a href=\"https:\/\/adrmilano.it\/index.php\/cookie-policy\/\">Continua<\/a><\/p>\n","protected":false},"author":3,"featured_media":0,"parent":0,"menu_order":0,"comment_status":"closed","ping_status":"closed","template":"","meta":{"footnotes":""},"class_list":["post-2990","page","type-page","status-publish","hentry"],"yoast_head":"<!-- This site is optimized with the Yoast SEO plugin v27.3 - https:\/\/yoast.com\/product\/yoast-seo-wordpress\/ -->\n<title>ADR Project &amp; RE Consulting - Cookie Policy<\/title>\n<meta name=\"robots\" content=\"index, follow, max-snippet:-1, max-image-preview:large, max-video-preview:-1\" \/>\n<link rel=\"canonical\" href=\"https:\/\/adrmilano.it\/index.php\/cookie-policy\/\" \/>\n<meta property=\"og:locale\" content=\"it_IT\" \/>\n<meta property=\"og:type\" content=\"article\" \/>\n<meta property=\"og:title\" content=\"ADR Project &amp; RE Consulting - Cookie Policy\" \/>\n<meta property=\"og:description\" content=\"Informazioni su questa politica sui cookie Questa politica sui cookie spiega cosa sono i cookie e come li utilizziamo, i tipi di cookie che utilizziamo, ovvero le informazioni che raccogliamo utilizzando i cookie e come vengono utilizzate tali informazioni e &hellip; Continua\" \/>\n<meta property=\"og:url\" content=\"https:\/\/adrmilano.it\/index.php\/cookie-policy\/\" \/>\n<meta property=\"og:site_name\" content=\"ADR\" \/>\n<meta name=\"twitter:card\" content=\"summary_large_image\" \/>\n<meta name=\"twitter:label1\" content=\"Tempo di lettura stimato\" \/>\n\t<meta name=\"twitter:data1\" content=\"3 minuti\" \/>\n<script type=\"application\/ld+json\" class=\"yoast-schema-graph\">{\"@context\":\"https:\\\/\\\/schema.org\",\"@graph\":[{\"@type\":\"WebPage\",\"@id\":\"https:\\\/\\\/adrmilano.it\\\/index.php\\\/cookie-policy\\\/\",\"url\":\"https:\\\/\\\/adrmilano.it\\\/index.php\\\/cookie-policy\\\/\",\"name\":\"ADR Project &amp; RE Consulting - Cookie Policy\",\"isPartOf\":{\"@id\":\"https:\\\/\\\/adrmilano.it\\\/#website\"},\"datePublished\":\"2022-02-21T13:59:07+00:00\",\"breadcrumb\":{\"@id\":\"https:\\\/\\\/adrmilano.it\\\/index.php\\\/cookie-policy\\\/#breadcrumb\"},\"inLanguage\":\"it-IT\",\"potentialAction\":[{\"@type\":\"ReadAction\",\"target\":[\"https:\\\/\\\/adrmilano.it\\\/index.php\\\/cookie-policy\\\/\"]}]},{\"@type\":\"BreadcrumbList\",\"@id\":\"https:\\\/\\\/adrmilano.it\\\/index.php\\\/cookie-policy\\\/#breadcrumb\",\"itemListElement\":[{\"@type\":\"ListItem\",\"position\":1,\"name\":\"Home\",\"item\":\"https:\\\/\\\/adrmilano.it\\\/\"},{\"@type\":\"ListItem\",\"position\":2,\"name\":\"Cookie Policy\"}]},{\"@type\":\"WebSite\",\"@id\":\"https:\\\/\\\/adrmilano.it\\\/#website\",\"url\":\"https:\\\/\\\/adrmilano.it\\\/\",\"name\":\"ADR\",\"description\":\"Project &amp; RE Consulting\",\"publisher\":{\"@id\":\"https:\\\/\\\/adrmilano.it\\\/#organization\"},\"potentialAction\":[{\"@type\":\"SearchAction\",\"target\":{\"@type\":\"EntryPoint\",\"urlTemplate\":\"https:\\\/\\\/adrmilano.it\\\/?s={search_term_string}\"},\"query-input\":{\"@type\":\"PropertyValueSpecification\",\"valueRequired\":true,\"valueName\":\"search_term_string\"}}],\"inLanguage\":\"it-IT\"},{\"@type\":\"Organization\",\"@id\":\"https:\\\/\\\/adrmilano.it\\\/#organization\",\"name\":\"ADieRre di Andena Stefano - Project & RE Consulting\",\"url\":\"https:\\\/\\\/adrmilano.it\\\/\",\"logo\":{\"@type\":\"ImageObject\",\"inLanguage\":\"it-IT\",\"@id\":\"https:\\\/\\\/adrmilano.it\\\/#\\\/schema\\\/logo\\\/image\\\/\",\"url\":\"https:\\\/\\\/adrmilano.it\\\/wp-content\\\/uploads\\\/2015\\\/07\\\/ADR-logo-full.png\",\"contentUrl\":\"https:\\\/\\\/adrmilano.it\\\/wp-content\\\/uploads\\\/2015\\\/07\\\/ADR-logo-full.png\",\"width\":215,\"height\":97,\"caption\":\"ADieRre di Andena Stefano - Project & RE Consulting\"},\"image\":{\"@id\":\"https:\\\/\\\/adrmilano.it\\\/#\\\/schema\\\/logo\\\/image\\\/\"}}]}<\/script>\n<!-- \/ Yoast SEO plugin. -->","yoast_head_json":{"title":"ADR Project &amp; RE Consulting - Cookie Policy","robots":{"index":"index","follow":"follow","max-snippet":"max-snippet:-1","max-image-preview":"max-image-preview:large","max-video-preview":"max-video-preview:-1"},"canonical":"https:\/\/adrmilano.it\/index.php\/cookie-policy\/","og_locale":"it_IT","og_type":"article","og_title":"ADR Project &amp; RE Consulting - Cookie Policy","og_description":"Informazioni su questa politica sui cookie Questa politica sui cookie spiega cosa sono i cookie e come li utilizziamo, i tipi di cookie che utilizziamo, ovvero le informazioni che raccogliamo utilizzando i cookie e come vengono utilizzate tali informazioni e &hellip; Continua","og_url":"https:\/\/adrmilano.it\/index.php\/cookie-policy\/","og_site_name":"ADR","twitter_card":"summary_large_image","twitter_misc":{"Tempo di lettura stimato":"3 minuti"},"schema":{"@context":"https:\/\/schema.org","@graph":[{"@type":"WebPage","@id":"https:\/\/adrmilano.it\/index.php\/cookie-policy\/","url":"https:\/\/adrmilano.it\/index.php\/cookie-policy\/","name":"ADR Project &amp; RE Consulting - Cookie Policy","isPartOf":{"@id":"https:\/\/adrmilano.it\/#website"},"datePublished":"2022-02-21T13:59:07+00:00","breadcrumb":{"@id":"https:\/\/adrmilano.it\/index.php\/cookie-policy\/#breadcrumb"},"inLanguage":"it-IT","potentialAction":[{"@type":"ReadAction","target":["https:\/\/adrmilano.it\/index.php\/cookie-policy\/"]}]},{"@type":"BreadcrumbList","@id":"https:\/\/adrmilano.it\/index.php\/cookie-policy\/#breadcrumb","itemListElement":[{"@type":"ListItem","position":1,"name":"Home","item":"https:\/\/adrmilano.it\/"},{"@type":"ListItem","position":2,"name":"Cookie Policy"}]},{"@type":"WebSite","@id":"https:\/\/adrmilano.it\/#website","url":"https:\/\/adrmilano.it\/","name":"ADR","description":"Project &amp; RE Consulting","publisher":{"@id":"https:\/\/adrmilano.it\/#organization"},"potentialAction":[{"@type":"SearchAction","target":{"@type":"EntryPoint","urlTemplate":"https:\/\/adrmilano.it\/?s={search_term_string}"},"query-input":{"@type":"PropertyValueSpecification","valueRequired":true,"valueName":"search_term_string"}}],"inLanguage":"it-IT"},{"@type":"Organization","@id":"https:\/\/adrmilano.it\/#organization","name":"ADieRre di Andena Stefano - Project & RE Consulting","url":"https:\/\/adrmilano.it\/","logo":{"@type":"ImageObject","inLanguage":"it-IT","@id":"https:\/\/adrmilano.it\/#\/schema\/logo\/image\/","url":"https:\/\/adrmilano.it\/wp-content\/uploads\/2015\/07\/ADR-logo-full.png","contentUrl":"https:\/\/adrmilano.it\/wp-content\/uploads\/2015\/07\/ADR-logo-full.png","width":215,"height":97,"caption":"ADieRre di Andena Stefano - Project & RE Consulting"},"image":{"@id":"https:\/\/adrmilano.it\/#\/schema\/logo\/image\/"}}]}},"jetpack_sharing_enabled":true,"_links":{"self":[{"href":"https:\/\/adrmilano.it\/index.php\/wp-json\/wp\/v2\/pages\/2990","targetHints":{"allow":["GET"]}}],"collection":[{"href":"https:\/\/adrmilano.it\/index.php\/wp-json\/wp\/v2\/pages"}],"about":[{"href":"https:\/\/adrmilano.it\/index.php\/wp-json\/wp\/v2\/types\/page"}],"author":[{"embeddable":true,"href":"https:\/\/adrmilano.it\/index.php\/wp-json\/wp\/v2\/users\/3"}],"replies":[{"embeddable":true,"href":"https:\/\/adrmilano.it\/index.php\/wp-json\/wp\/v2\/comments?post=2990"}],"version-history":[{"count":1,"href":"https:\/\/adrmilano.it\/index.php\/wp-json\/wp\/v2\/pages\/2990\/revisions"}],"predecessor-version":[{"id":2992,"href":"https:\/\/adrmilano.it\/index.php\/wp-json\/wp\/v2\/pages\/2990\/revisions\/2992"}],"wp:attachment":[{"href":"https:\/\/adrmilano.it\/index.php\/wp-json\/wp\/v2\/media?parent=2990"}],"curies":[{"name":"wp","href":"https:\/\/api.w.org\/{rel}","templated":true}]}}